{"id":930,"date":"2020-06-15T22:57:09","date_gmt":"2020-06-15T19:57:09","guid":{"rendered":"http:\/\/localhost\/www52\/?page_id=930"},"modified":"2020-06-23T18:32:33","modified_gmt":"2020-06-23T15:32:33","slug":"kurutulmus-ve-dondurulmus-gidalar","status":"publish","type":"page","link":"https:\/\/www.mezofood.com\/?page_id=930","title":{"rendered":"KURUTULMU\u015e VE DONDURULMU\u015e \u00dcR\u00dcNLER"},"content":{"rendered":"<p>[vc_row][vc_column][vc_media_grid grid_id=&#8221;vc_gid:1592473251051-9d2b6b0954e5aaa729aefaec8f42ecc8-7&#8243; include=&#8221;953,954,955,956,957,958,960,961,962,964,965,966,967,969&#8243;][\/vc_column][\/vc_row]<\/p>\n","protected":false},"excerpt":{"rendered":"<p>[vc_row][vc_column][vc_media_grid grid_id=&#8221;vc_gid:1592473251051-9d2b6b0954e5aaa729aefaec8f42ecc8-7&#8243; include=&#8221;953,954,955,956,957,958,960,961,962,964,965,966,967,969&#8243;][\/vc_column][\/vc_row]<\/p>\n","protected":false},"author":1,"featured_media":0,"parent":0,"menu_order":0,"comment_status":"closed","ping_status":"closed","template":"","meta":{"footnotes":""},"class_list":["post-930","page","type-page","status-publish","hentry"],"_links":{"self":[{"href":"https:\/\/www.mezofood.com\/index.php?rest_route=\/wp\/v2\/pages\/930","targetHints":{"allow":["GET"]}}],"collection":[{"href":"https:\/\/www.mezofood.com\/index.php?rest_route=\/wp\/v2\/pages"}],"about":[{"href":"https:\/\/www.mezofood.com\/index.php?rest_route=\/wp\/v2\/types\/page"}],"author":[{"embeddable":true,"href":"https:\/\/www.mezofood.com\/index.php?rest_route=\/wp\/v2\/users\/1"}],"replies":[{"embeddable":true,"href":"https:\/\/www.mezofood.com\/index.php?rest_route=%2Fwp%2Fv2%2Fcomments&post=930"}],"version-history":[{"count":6,"href":"https:\/\/www.mezofood.com\/index.php?rest_route=\/wp\/v2\/pages\/930\/revisions"}],"predecessor-version":[{"id":1064,"href":"https:\/\/www.mezofood.com\/index.php?rest_route=\/wp\/v2\/pages\/930\/revisions\/1064"}],"wp:attachment":[{"href":"https:\/\/www.mezofood.com\/index.php?rest_route=%2Fwp%2Fv2%2Fmedia&parent=930"}],"curies":[{"name":"wp","href":"https:\/\/api.w.org\/{rel}","templated":true}]}}