{"id":818,"date":"2020-06-12T14:54:11","date_gmt":"2020-06-12T11:54:11","guid":{"rendered":"http:\/\/localhost\/www52\/?page_id=818"},"modified":"2026-02-27T23:51:02","modified_gmt":"2026-02-27T20:51:02","slug":"iletisim","status":"publish","type":"page","link":"https:\/\/www.mezofood.com\/?page_id=818","title":{"rendered":"\u0130LET\u0130\u015e\u0130M"},"content":{"rendered":"<p>[vc_row css=&#8221;.vc_custom_1554987094610{margin-top: 30px !important;padding-bottom: 20px !important;}&#8221;][vc_column width=&#8221;1\/2&#8243;]<h4 class='heading-content  style-1' ><span>\u0130LET\u0130\u015e\u0130M<\/span><\/h4>[vc_empty_space height=&#8221;15px&#8221;][vc_column_text css_animation=&#8221;fadeInLeft&#8221;]<\/p>\n<h4 class=\"heading-content style-1\"><\/h4>\n<div class=\"vc_empty_space\">\n<p><strong>Merkez Ofis:<\/strong> 7.8.9.10. K\u0131s\u0131m Mah. D100 Yanyolu, 16\/2 Selenium Retro 9, B Blok Daire: 201 Atak\u00f6y \u0130stanbul<\/p>\n<p><strong>Tel:<\/strong> +90 (212) 890 4111<\/p>\n<p><strong>Fax:<\/strong> +90 (212) 890 4111<\/p>\n<p><strong>Whats App:<\/strong> +90 (535) 029 8996<\/p>\n<p><strong>Germany Office:<\/strong> Hopfenstr 61A 51109 K\u00f6ln,<br \/>\n<strong>Contact:<\/strong> +49 157 314 91889<br \/>\n<strong><br \/>\nU.S.A. Office:<\/strong> 4921 Seminary Road 1219 Alexandria 22311 VA<br \/>\n<strong>Contact:<\/strong> +1 617 874 6085<\/p>\n<p><strong>Dubai Office:<\/strong> Industrial Area 6 \u2013 Sharjah \u2013 United Arab Emirates<br \/>\n<strong>Contact:<\/strong> + 971 56 880 9776<\/p>\n<\/div>\n<div class=\"wpb_text_column wpb_content_element wpb_animate_when_almost_visible wpb_fadeInLeft fadeInLeft wpb_start_animation animated\">\n<div class=\"wpb_wrapper\">\n<p><strong>E-mail:<\/strong>\u00a0info@mezofood.com<\/p>\n<\/div>\n<\/div>\n<p>[\/vc_column_text][\/vc_column][vc_column width=&#8221;1\/2&#8243;]<div class='map' id='map1' style='height: 300px;' data-type='ROADMAP' data-zoom='14' data-scroll='true' data-icon='https:\/\/www.mezofood.com\/wp-content\/themes\/constructo\/images\/gmap\/map-pin.png' data-address='Atak\u00f6y 7,8,9,70. K\u0131s\u0131m Mah. D100 G\u00fcney Yan yolu, 1612 Selenium Retro 9, B Blok Daire: 201 Atak\u00f6y \u0130stanbul'><\/div>[\/vc_column][\/vc_row][vc_row css=&#8221;.vc_custom_1418807519392{margin-top: 20px !important;}&#8221; has_content=&#8221;true&#8221;][vc_column]<h5 class='heading-content  style-1' ><span>MESAJINIZI G\u00d6NDER\u0130N<\/span><\/h5>[vc_empty_space height=&#8221;15px&#8221;]\n<div class=\"wpcf7 no-js\" id=\"wpcf7-f452-o1\" lang=\"en-US\" dir=\"ltr\" data-wpcf7-id=\"452\">\n<div class=\"screen-reader-response\"><p role=\"status\" aria-live=\"polite\" aria-atomic=\"true\"><\/p> <ul><\/ul><\/div>\n<form action=\"\/index.php?rest_route=%2Fwp%2Fv2%2Fpages%2F818#wpcf7-f452-o1\" method=\"post\" class=\"wpcf7-form init\" aria-label=\"Contact form\" novalidate=\"novalidate\" data-status=\"init\">\n<fieldset class=\"hidden-fields-container\"><input type=\"hidden\" name=\"_wpcf7\" value=\"452\" \/><input type=\"hidden\" name=\"_wpcf7_version\" value=\"6.1.5\" \/><input type=\"hidden\" name=\"_wpcf7_locale\" value=\"en_US\" \/><input type=\"hidden\" name=\"_wpcf7_unit_tag\" value=\"wpcf7-f452-o1\" \/><input type=\"hidden\" name=\"_wpcf7_container_post\" value=\"0\" \/><input type=\"hidden\" name=\"_wpcf7_posted_data_hash\" value=\"\" \/>\n<\/fieldset>\n<div class=\"col-sm-5 noleftpadding\">\n\t<p><span class=\"wpcf7-form-control-wrap\" data-name=\"your-name\"><input size=\"40\" maxlength=\"400\" class=\"wpcf7-form-control wpcf7-text wpcf7-validates-as-required\" aria-required=\"true\" aria-invalid=\"false\" placeholder=\"Name*\" value=\"\" type=\"text\" name=\"your-name\" \/><\/span>\n\t<\/p>\n\t<p><span class=\"wpcf7-form-control-wrap\" data-name=\"your-subject\"><input size=\"40\" maxlength=\"400\" class=\"wpcf7-form-control wpcf7-text\" aria-invalid=\"false\" placeholder=\"Subject*\" value=\"\" type=\"text\" name=\"your-subject\" \/><\/span>\n\t<\/p>\n\t<p><span class=\"wpcf7-form-control-wrap\" data-name=\"your-email\"><input size=\"40\" maxlength=\"400\" class=\"wpcf7-form-control wpcf7-email wpcf7-validates-as-required wpcf7-text wpcf7-validates-as-email\" aria-required=\"true\" aria-invalid=\"false\" placeholder=\"Email*\" value=\"\" type=\"email\" name=\"your-email\" \/><\/span>\n\t<\/p>\n<\/div>\n<div class=\"col-sm-7 norightpadding\">\n\t<p><span class=\"wpcf7-form-control-wrap\" data-name=\"your-message\"><textarea cols=\"25\" rows=\"3\" maxlength=\"2000\" class=\"wpcf7-form-control wpcf7-textarea\" aria-invalid=\"false\" placeholder=\"Message*\" name=\"your-message\"><\/textarea><\/span>\n\t<\/p>\n\t<p><input class=\"wpcf7-form-control wpcf7-submit has-spinner\" type=\"submit\" value=\"SEND MESSAGE\" \/>\n\t<\/p>\n<\/div><p style=\"display: none !important;\" class=\"akismet-fields-container\" data-prefix=\"_wpcf7_ak_\"><label>&#916;<textarea name=\"_wpcf7_ak_hp_textarea\" cols=\"45\" rows=\"8\" maxlength=\"100\"><\/textarea><\/label><input type=\"hidden\" id=\"ak_js_1\" name=\"_wpcf7_ak_js\" value=\"113\"\/><script type=\"text\/javascript\">\n\/* <![CDATA[ *\/\ndocument.getElementById( \"ak_js_1\" ).setAttribute( \"value\", ( new Date() ).getTime() );\n\/* ]]> *\/\n<\/script>\n<\/p><div class=\"wpcf7-response-output\" aria-hidden=\"true\"><\/div>\n<\/form>\n<\/div>\n[\/vc_column][\/vc_row]<\/p>\n","protected":false},"excerpt":{"rendered":"<p>[vc_row css=&#8221;.vc_custom_1554987094610{margin-top: 30px !important;padding-bottom: 20px !important;}&#8221;][vc_column width=&#8221;1\/2&#8243;][vc_empty_space height=&#8221;15px&#8221;][vc_column_text css_animation=&#8221;fadeInLeft&#8221;] Merkez Ofis: 7.8.9.10. K\u0131s\u0131m Mah. D100 Yanyolu, 16\/2 Selenium Retro 9, B Blok Daire: 201 Atak\u00f6y \u0130stanbul Tel: +90 (212) 890 4111 Fax: +90 (212) 890 4111 Whats App: +90 (535)&#8230;<\/p>\n","protected":false},"author":1,"featured_media":0,"parent":0,"menu_order":0,"comment_status":"closed","ping_status":"closed","template":"","meta":{"footnotes":""},"class_list":["post-818","page","type-page","status-publish","hentry"],"_links":{"self":[{"href":"https:\/\/www.mezofood.com\/index.php?rest_route=\/wp\/v2\/pages\/818","targetHints":{"allow":["GET"]}}],"collection":[{"href":"https:\/\/www.mezofood.com\/index.php?rest_route=\/wp\/v2\/pages"}],"about":[{"href":"https:\/\/www.mezofood.com\/index.php?rest_route=\/wp\/v2\/types\/page"}],"author":[{"embeddable":true,"href":"https:\/\/www.mezofood.com\/index.php?rest_route=\/wp\/v2\/users\/1"}],"replies":[{"embeddable":true,"href":"https:\/\/www.mezofood.com\/index.php?rest_route=%2Fwp%2Fv2%2Fcomments&post=818"}],"version-history":[{"count":14,"href":"https:\/\/www.mezofood.com\/index.php?rest_route=\/wp\/v2\/pages\/818\/revisions"}],"predecessor-version":[{"id":1694,"href":"https:\/\/www.mezofood.com\/index.php?rest_route=\/wp\/v2\/pages\/818\/revisions\/1694"}],"wp:attachment":[{"href":"https:\/\/www.mezofood.com\/index.php?rest_route=%2Fwp%2Fv2%2Fmedia&parent=818"}],"curies":[{"name":"wp","href":"https:\/\/api.w.org\/{rel}","templated":true}]}}