{"id":1018,"date":"2020-06-20T14:00:27","date_gmt":"2020-06-20T11:00:27","guid":{"rendered":"https:\/\/www.mezofood.com\/?page_id=1018"},"modified":"2020-06-20T14:05:53","modified_gmt":"2020-06-20T11:05:53","slug":"yonetim-kurulu","status":"publish","type":"page","link":"https:\/\/www.mezofood.com\/?page_id=1018","title":{"rendered":"Y\u00f6netim Kurulu"},"content":{"rendered":"<p><\/p>\n<p>[vc_row][vc_column]<h1 class='heading-middle  style-1' ><span>KURUCU VE Y\u00d6NET\u0130M KURULU BA\u015eKANI<\/span><\/h1>[\/vc_column][\/vc_row][vc_row][vc_column][vc_single_image image=&#8221;1021&#8243; img_size=&#8221;full&#8221; alignment=&#8221;center&#8221;][vc_empty_space height=&#8221;15px&#8221;][\/vc_column][\/vc_row][vc_row][vc_column][vc_column_text]<\/p>\n<p style=\"text-align: center;\">Say\u0131n ALAETT\u0130N G\u00dcVEN, D\u0131\u015f Ticaret \u00d6nlisans, \u0130ktisat Lisans mezunu olup, American University in DUBA\u0130 (AUD)\u2019de Executive MBA\u2019de Y\u00fcksek lisans\u0131n\u0131 tamamlayamadan, aile \u015firketini y\u00f6netmek \u00fczere zaruri bir \u015fekilde yurda geri d\u00f6nmek zorunda kalm\u0131\u015ft\u0131r. Yakla\u015f\u0131k 12 y\u0131ll\u0131k sekt\u00f6r deneyimine sahip olan G\u00dcVEN, bu s\u00fcre zarf\u0131nda bir\u00e7ok AB sosyal projelerinde bizzat yer alm\u0131\u015f, \u00f6zelinde, m\u00fclteciler ile ilgili projelerde yo\u011funla\u015fm\u0131\u015ft\u0131r.<\/p>\n<p>[\/vc_column_text][\/vc_column][\/vc_row][vc_row][vc_column width=&#8221;1\/3&#8243;][vc_empty_space height=&#8221;15px&#8221;]<h1 class='heading-middle  style-1' ><span>Avrupa Sat\u0131\u015f ve Pazarlama Direkt\u00f6r\u00fc<\/span><\/h1>[vc_single_image image=&#8221;1022&#8243; img_size=&#8221;full&#8221; alignment=&#8221;center&#8221;][vc_empty_space height=&#8221;15px&#8221;][vc_column_text]<\/p>\n<p style=\"text-align: center;\">Say\u0131n H\u00fcseyin YILDIRIM, Sa\u011fl\u0131k bilimleri y\u00fcksek teknoloji alan\u0131nda lisans e\u011fitimini tamamlad\u0131ktan sonra uzun y\u0131llar Almanya\u2019da \u00d6zel sekt\u00f6rde b\u00fcy\u00fck deneyimler kazanm\u0131\u015f, kendi alan\u0131nda uzmanla\u015fm\u0131\u015f bulunmaktad\u0131r. Firman\u0131n Avrupa Sat\u0131\u015f Direkt\u00f6r\u00fc olarak g\u00f6revini icra etmektedir.<\/p>\n<p>[\/vc_column_text][\/vc_column][vc_column width=&#8221;1\/3&#8243;][vc_empty_space height=&#8221;15px&#8221;]<h1 class='heading-middle  style-1' ><span>Proje ve \u0130\u015f Geli\u015ftirme M\u00fcd\u00fcr\u00fc<\/span><\/h1>[vc_single_image image=&#8221;1023&#8243; img_size=&#8221;full&#8221; alignment=&#8221;center&#8221;][vc_empty_space height=&#8221;15px&#8221;][vc_column_text]<\/p>\n<p style=\"text-align: center;\">Say\u0131n EROL AKDA\u011e, Van Y\u00fcz\u00fcnc\u00fc Y\u0131l \u00dcniversitesi T\u00fcrk\u00e7e E\u011fitimi program\u0131ndan mezun olarak tamamlam\u0131\u015f, MEB&#8217;de \u00d6\u011fretmenlik ve \u0130darecilik g\u00f6revlerinde bulunmu\u015f. Kutsal \u00d6\u011fretmenlik g\u00f6revinden \u00e7ift\u00e7ilik ve ticari faaliyetlerde yo\u011funla\u015fma amac\u0131 ile ayr\u0131lm\u0131\u015f olup Proje ve \u0130\u015f geli\u015ftirme M\u00fcd\u00fcr\u00fc olarak firmada yer almaktad\u0131r.<\/p>\n<p>[\/vc_column_text][\/vc_column][vc_column width=&#8221;1\/3&#8243;][vc_empty_space height=&#8221;15px&#8221;]<h1 class='heading-middle  style-1' ><span>Sat\u0131\u015f ve Pazarlama M\u00fcd\u00fcr\u00fc<\/span><\/h1>[vc_single_image image=&#8221;1024&#8243; img_size=&#8221;full&#8221; alignment=&#8221;center&#8221;][vc_empty_space height=&#8221;15px&#8221;][vc_column_text]<\/p>\n<p style=\"text-align: center;\">Say\u0131n Berken G\u00dcVEN, \u0130n\u015faat Teknolojisi mezunu olup, firman\u0131n Yurti\u00e7i ve Yurtd\u0131\u015f\u0131ndaki Sat\u0131\u015f ve Pazarlama faaliyetlerini s\u00fcrd\u00fcrmektedir.<\/p>\n<p>[\/vc_column_text][\/vc_column][\/vc_row]<\/p>\n<p><\/p>","protected":false},"excerpt":{"rendered":"<p>[vc_row][vc_column][\/vc_column][\/vc_row][vc_row][vc_column][vc_single_image image=&#8221;1021&#8243; img_size=&#8221;full&#8221; alignment=&#8221;center&#8221;][vc_empty_space height=&#8221;15px&#8221;][\/vc_column][\/vc_row][vc_row][vc_column][vc_column_text] Say\u0131n ALAETT\u0130N G\u00dcVEN, D\u0131\u015f Ticaret \u00d6nlisans, \u0130ktisat Lisans mezunu olup, American University in DUBA\u0130 (AUD)\u2019de Executive MBA\u2019de Y\u00fcksek lisans\u0131n\u0131 tamamlayamadan, aile \u015firketini y\u00f6netmek \u00fczere zaruri bir \u015fekilde yurda geri d\u00f6nmek zorunda kalm\u0131\u015ft\u0131r. Yakla\u015f\u0131k 12 y\u0131ll\u0131k&#8230;<\/p>\n","protected":false},"author":1,"featured_media":0,"parent":0,"menu_order":0,"comment_status":"closed","ping_status":"closed","template":"","meta":{"footnotes":""},"class_list":["post-1018","page","type-page","status-publish","hentry"],"_links":{"self":[{"href":"https:\/\/www.mezofood.com\/index.php?rest_route=\/wp\/v2\/pages\/1018","targetHints":{"allow":["GET"]}}],"collection":[{"href":"https:\/\/www.mezofood.com\/index.php?rest_route=\/wp\/v2\/pages"}],"about":[{"href":"https:\/\/www.mezofood.com\/index.php?rest_route=\/wp\/v2\/types\/page"}],"author":[{"embeddable":true,"href":"https:\/\/www.mezofood.com\/index.php?rest_route=\/wp\/v2\/users\/1"}],"replies":[{"embeddable":true,"href":"https:\/\/www.mezofood.com\/index.php?rest_route=%2Fwp%2Fv2%2Fcomments&post=1018"}],"version-history":[{"count":5,"href":"https:\/\/www.mezofood.com\/index.php?rest_route=\/wp\/v2\/pages\/1018\/revisions"}],"predecessor-version":[{"id":1184,"href":"https:\/\/www.mezofood.com\/index.php?rest_route=\/wp\/v2\/pages\/1018\/revisions\/1184"}],"wp:attachment":[{"href":"https:\/\/www.mezofood.com\/index.php?rest_route=%2Fwp%2Fv2%2Fmedia&parent=1018"}],"curies":[{"name":"wp","href":"https:\/\/api.w.org\/{rel}","templated":true}]}}